{"id":150,"date":"2025-01-16T12:23:38","date_gmt":"2025-01-16T11:23:38","guid":{"rendered":"http:\/\/localhost\/spartus\/?page_id=150"},"modified":"2025-12-29T08:40:10","modified_gmt":"2025-12-29T07:40:10","slug":"formularz-serwisowy","status":"publish","type":"page","link":"http:\/\/wzor.spartus.pl\/pl\/formularz-serwisowy\/","title":{"rendered":"Formularz serwisowy"},"content":{"rendered":"\n<div class='service-form_section'><div class='form_box'>\n<div class=\"wpcf7 no-js\" id=\"wpcf7-f12545-o1\" lang=\"pl-PL\" dir=\"ltr\" data-wpcf7-id=\"12545\">\n<div class=\"screen-reader-response\"><p role=\"status\" aria-live=\"polite\" aria-atomic=\"true\"><\/p> <ul><\/ul><\/div>\n<form action=\"\/pl\/wp-json\/wp\/v2\/pages\/150#wpcf7-f12545-o1\" method=\"post\" class=\"wpcf7-form init\" aria-label=\"Contact form\" enctype=\"multipart\/form-data\" novalidate=\"novalidate\" data-status=\"init\">\n<fieldset class=\"hidden-fields-container\"><input type=\"hidden\" name=\"_wpcf7\" value=\"12545\" \/><input type=\"hidden\" name=\"_wpcf7_version\" value=\"6.1.4\" \/><input type=\"hidden\" name=\"_wpcf7_locale\" value=\"pl_PL\" \/><input type=\"hidden\" name=\"_wpcf7_unit_tag\" value=\"wpcf7-f12545-o1\" \/><input type=\"hidden\" name=\"_wpcf7_container_post\" value=\"0\" \/><input type=\"hidden\" name=\"_wpcf7_posted_data_hash\" value=\"\" \/><input type=\"hidden\" name=\"_wpcf7_recaptcha_response\" value=\"\" \/>\n<\/fieldset>\n<h3>Zg\u0142oszenie serwisowe\n<\/h3>\n<p><strong class='field_title'>Typ zg\u0142oszenia*:<\/strong><span class=\"wpcf7-form-control-wrap\" data-name=\"radio_service_type\"><span class=\"wpcf7-form-control wpcf7-radio\"><span class=\"wpcf7-list-item first\"><label><input type=\"radio\" name=\"radio_service_type\" value=\"Gwarancja\" \/><span class=\"wpcf7-list-item-label\">Gwarancja<\/span><\/label><\/span><span class=\"wpcf7-list-item last\"><label><input type=\"radio\" name=\"radio_service_type\" value=\"Naprawa p\u0142atna\" \/><span class=\"wpcf7-list-item-label\">Naprawa p\u0142atna<\/span><\/label><\/span><\/span><\/span><br \/>\n<strong class='field_title'>Produkt*:<\/strong><span class=\"wpcf7-form-control-wrap\" data-name=\"radio_service_product\"><span class=\"wpcf7-form-control wpcf7-radio\"><span class=\"wpcf7-list-item first\"><label><input type=\"radio\" name=\"radio_service_product\" value=\"Urz\u0105dzenie\" \/><span class=\"wpcf7-list-item-label\">Urz\u0105dzenie<\/span><\/label><\/span><span class=\"wpcf7-list-item last\"><label><input type=\"radio\" name=\"radio_service_product\" value=\"Uchwyt spawalniczy\" \/><span class=\"wpcf7-list-item-label\">Uchwyt spawalniczy<\/span><\/label><\/span><\/span><\/span><br \/>\n<strong class='field_title'>Nazwa:<\/strong><span class=\"wpcf7-form-control-wrap\" data-name=\"text_service_name\"><input size=\"40\" maxlength=\"400\" class=\"wpcf7-form-control wpcf7-text\" aria-invalid=\"false\" value=\"\" type=\"text\" name=\"text_service_name\" \/><\/span><br \/>\n<strong class='field_title'>Numer seryjny:<\/strong><span class=\"wpcf7-form-control-wrap\" data-name=\"text_service_number\"><input size=\"40\" maxlength=\"400\" class=\"wpcf7-form-control wpcf7-text\" aria-invalid=\"false\" value=\"\" type=\"text\" name=\"text_service_number\" \/><\/span><br \/>\n<strong class='field_title'>Data zakupu*:<\/strong><span class=\"wpcf7-form-control-wrap\" data-name=\"date_service_date\"><input class=\"wpcf7-form-control wpcf7-date wpcf7-validates-as-required wpcf7-validates-as-date\" aria-required=\"true\" aria-invalid=\"false\" value=\"\" type=\"date\" name=\"date_service_date\" \/><\/span><br \/>\n<strong class='field_title'>Dokument zakupu:<\/strong><span class=\"wpcf7-form-control-wrap\" data-name=\"file_service_doc\"><input size=\"40\" class=\"wpcf7-form-control wpcf7-file\" accept=\"image\/*,application\/pdf\" aria-invalid=\"false\" type=\"file\" name=\"file_service_doc\" \/><\/span><br \/>\n<strong class='field_title'>Karta gwarancyjna:<\/strong><span class=\"wpcf7-form-control-wrap\" data-name=\"file_service_cart\"><input size=\"40\" class=\"wpcf7-form-control wpcf7-file\" accept=\"image\/*,application\/pdf\" aria-invalid=\"false\" type=\"file\" name=\"file_service_cart\" \/><\/span><br \/>\n<strong class='field_title'>Opis usterki:<\/strong><span class=\"wpcf7-form-control-wrap\" data-name=\"textarea_service_message\"><textarea cols=\"40\" rows=\"10\" maxlength=\"2000\" class=\"wpcf7-form-control wpcf7-textarea\" aria-invalid=\"false\" name=\"textarea_service_message\"><\/textarea><\/span><br \/>\nW przypadku naprawy gwarancyjnej konieczne jest do\u0142\u0105czenie do przesy\u0142ki kopii dokumentu zakupu oraz karty gwarancyjnej\n<\/p>\n<h3 class='add_top_space'>Dane klienta\n<\/h3>\n<p><strong class='field_title'>Firma \/ Imi\u0119 nazwisko*:<\/strong><span class=\"wpcf7-form-control-wrap\" data-name=\"text_user_name\"><input size=\"40\" maxlength=\"400\" class=\"wpcf7-form-control wpcf7-text wpcf7-validates-as-required\" aria-required=\"true\" aria-invalid=\"false\" value=\"\" type=\"text\" name=\"text_user_name\" \/><\/span><br \/>\n<strong class='field_title'>Email*:<\/strong><span class=\"wpcf7-form-control-wrap\" data-name=\"email_user_email\"><input size=\"40\" maxlength=\"400\" class=\"wpcf7-form-control wpcf7-email wpcf7-validates-as-required wpcf7-text wpcf7-validates-as-email\" aria-required=\"true\" aria-invalid=\"false\" value=\"\" type=\"email\" name=\"email_user_email\" \/><\/span><br \/>\n<strong class='field_title'>Numer kontaktowy:<\/strong><span class=\"wpcf7-form-control-wrap\" data-name=\"tel_user_tel\"><input size=\"40\" maxlength=\"400\" class=\"wpcf7-form-control wpcf7-tel wpcf7-text wpcf7-validates-as-tel\" aria-invalid=\"false\" value=\"\" type=\"tel\" name=\"tel_user_tel\" \/><\/span>\n<\/p>\n<h3 class='add_top_space'>Odbi\u00f3r towaru\n<\/h3>\n<p><strong class='field_title'>Firma \/ Imi\u0119 i nazwisko*:<\/strong><span class=\"wpcf7-form-control-wrap\" data-name=\"text_reception_name\"><input size=\"40\" maxlength=\"400\" class=\"wpcf7-form-control wpcf7-text wpcf7-validates-as-required\" aria-required=\"true\" aria-invalid=\"false\" value=\"\" type=\"text\" name=\"text_reception_name\" \/><\/span><br \/>\n<strong class='field_title'>Numer kontaktowy*:<\/strong><span class=\"wpcf7-form-control-wrap\" data-name=\"tel_reception_tel\"><input size=\"40\" maxlength=\"400\" class=\"wpcf7-form-control wpcf7-tel wpcf7-validates-as-required wpcf7-text wpcf7-validates-as-tel\" aria-required=\"true\" aria-invalid=\"false\" value=\"\" type=\"tel\" name=\"tel_reception_tel\" \/><\/span><br \/>\n<strong class='field_title'>Data odbioru:<\/strong><span class=\"wpcf7-form-control-wrap\" data-name=\"date_reception_date\"><input class=\"wpcf7-form-control wpcf7-date wpcf7-validates-as-date\" aria-invalid=\"false\" value=\"\" type=\"date\" name=\"date_reception_date\" \/><\/span><br \/>\n<strong class='field_title'>Adres odbioru:<\/strong>\n<\/p>\n<div class=\"row\">\n\t<div class=\"col-md-6\">\n\t\t<p><strong class='field_title'>Ulica:<\/strong><span class=\"wpcf7-form-control-wrap\" data-name=\"text_reception_address_street\"><input size=\"40\" maxlength=\"400\" class=\"wpcf7-form-control wpcf7-text wpcf7-validates-as-required\" aria-required=\"true\" aria-invalid=\"false\" value=\"\" type=\"text\" name=\"text_reception_address_street\" \/><\/span>\n\t\t<\/p>\n\t<\/div>\n\t<div class=\"col-md-6\">\n\t\t<p><strong class='field_title'>Numer budynku\/lokalu:<\/strong><span class=\"wpcf7-form-control-wrap\" data-name=\"text_reception_address_lok\"><input size=\"40\" maxlength=\"400\" class=\"wpcf7-form-control wpcf7-text wpcf7-validates-as-required\" aria-required=\"true\" aria-invalid=\"false\" value=\"\" type=\"text\" name=\"text_reception_address_lok\" \/><\/span>\n\t\t<\/p>\n\t<\/div>\n\t<div class=\"col-md-6\">\n\t\t<p><strong class='field_title'>Kod pocztowy:<\/strong><span class=\"wpcf7-form-control-wrap\" data-name=\"text_reception_address_code\"><input size=\"40\" maxlength=\"400\" class=\"wpcf7-form-control wpcf7-text wpcf7-validates-as-required\" aria-required=\"true\" aria-invalid=\"false\" value=\"\" type=\"text\" name=\"text_reception_address_code\" \/><\/span>\n\t\t<\/p>\n\t<\/div>\n\t<div class=\"col-md-6\">\n\t\t<p><strong class='field_title'>Miejscowo\u015b\u0107:<\/strong><span class=\"wpcf7-form-control-wrap\" data-name=\"text_reception_address_city\"><input size=\"40\" maxlength=\"400\" class=\"wpcf7-form-control wpcf7-text wpcf7-validates-as-required\" aria-required=\"true\" aria-invalid=\"false\" value=\"\" type=\"text\" name=\"text_reception_address_city\" \/><\/span>\n\t\t<\/p>\n\t<\/div>\n<\/div>\n<p><strong class='field_title'>Wymiary paczki (cm):<\/strong>\n<\/p>\n<div class=\"row\">\n\t<div class=\"col-md-4\">\n\t\t<p><strong class='field_title'>D\u0142ugo\u015b\u0107:<\/strong><span class=\"wpcf7-form-control-wrap\" data-name=\"number_reception_size_x\"><input class=\"wpcf7-form-control wpcf7-number wpcf7-validates-as-number\" aria-invalid=\"false\" value=\"\" type=\"number\" name=\"number_reception_size_x\" \/><\/span>\n\t\t<\/p>\n\t<\/div>\n\t<div class=\"col-md-4\">\n\t\t<p><strong class='field_title'>Szeroko\u015b\u0107:<\/strong><span class=\"wpcf7-form-control-wrap\" data-name=\"number_reception_size_y\"><input class=\"wpcf7-form-control wpcf7-number wpcf7-validates-as-number\" aria-invalid=\"false\" value=\"\" type=\"number\" name=\"number_reception_size_y\" \/><\/span>\n\t\t<\/p>\n\t<\/div>\n\t<div class=\"col-md-4\">\n\t\t<p><strong class='field_title'>Wysoko\u015b\u0107:<\/strong><span class=\"wpcf7-form-control-wrap\" data-name=\"number_reception_size_z\"><input class=\"wpcf7-form-control wpcf7-number wpcf7-validates-as-number\" aria-invalid=\"false\" value=\"\" type=\"number\" name=\"number_reception_size_z\" \/><\/span>\n\t\t<\/p>\n\t<\/div>\n<\/div>\n<p><strong class='field_title'>Waga paczki (kg):<\/strong><span class=\"wpcf7-form-control-wrap\" data-name=\"number_reception_weight\"><input class=\"wpcf7-form-control wpcf7-number wpcf7-validates-as-number\" aria-invalid=\"false\" value=\"\" type=\"number\" name=\"number_reception_weight\" \/><\/span><br \/>\n<strong class='field_title'>Zawarto\u015b\u0107 paczki:<\/strong><span class=\"wpcf7-form-control-wrap\" data-name=\"text_reception_content\"><input size=\"40\" maxlength=\"400\" class=\"wpcf7-form-control wpcf7-text\" aria-invalid=\"false\" value=\"\" type=\"text\" name=\"text_reception_content\" \/><\/span>\n<\/p>\n<div class='alert_box'>\n\t<h3>Uwaga\n\t<\/h3>\n\t<p>W przypadku wysy\u0142ki urz\u0105dzenia spawalniczego MIG prosimy o wyj\u0119cie i nie wysy\u0142anie szpuli drutu.\n\t<\/p>\n<\/div>\n<p><span class=\"wpcf7-form-control-wrap\" data-name=\"acceptance_privacy\"><span class=\"wpcf7-form-control wpcf7-acceptance\"><span class=\"wpcf7-list-item\"><label><input type=\"checkbox\" name=\"acceptance_privacy\" value=\"1\" aria-invalid=\"false\" \/><span class=\"wpcf7-list-item-label\">Zapozna\u0142em si\u0119 i akceptuj\u0119 polityk\u0119 prywatno\u015bci*<\/span><\/label><\/span><\/span><\/span><br \/>\n<span class=\"wpcf7-form-control-wrap\" data-name=\"acceptance_rodo\"><span class=\"wpcf7-form-control wpcf7-acceptance\"><span class=\"wpcf7-list-item\"><label><input type=\"checkbox\" name=\"acceptance_rodo\" value=\"1\" aria-invalid=\"false\" \/><span class=\"wpcf7-list-item-label\">Zgadzam si\u0119 na przetwarzanie moich danych osobowych podanych dobrowolnie w formularzu*<\/span><\/label><\/span><\/span><\/span>\n<\/p>\n<div class='bottom_info '>\n\t<p>Przeczytaj\u00a0<a href=\"\/polityka-prywatnosci\">polityk\u0119 prywatno\u015bci<\/a>\u00a0oraz\u00a0informacje o <a href=\"\/rodo\">RODO<\/a>\n\t<\/p>\n<\/div>\n<div class='center_button'>\n\t<p><input class=\"wpcf7-form-control wpcf7-submit has-spinner\" id=\"submit_service_form\" type=\"submit\" value=\"Send\" \/><br \/>\n<button for='submit_service_form' class='noveo_btn'>Wy\u015blij zg\u0142oszenie<\/button>\n\t<\/p>\n<\/div><div class=\"wpcf7-response-output\" aria-hidden=\"true\"><\/div>\n<\/form>\n<\/div>\n<\/div><\/div>\n","protected":false},"excerpt":{"rendered":"","protected":false},"author":1,"featured_media":6847,"parent":0,"menu_order":0,"comment_status":"closed","ping_status":"closed","template":"","meta":{"_acf_changed":false,"inline_featured_image":false,"footnotes":""},"class_list":["post-150","page","type-page","status-publish","has-post-thumbnail","hentry"],"acf":[],"yoast_head":"<!-- This site is optimized with the Yoast SEO plugin v26.3 - https:\/\/yoast.com\/wordpress\/plugins\/seo\/ -->\n<title>Formularz serwisowy - Spartus<\/title>\n<meta name=\"robots\" content=\"index, follow, max-snippet:-1, max-image-preview:large, max-video-preview:-1\" \/>\n<link rel=\"canonical\" href=\"http:\/\/wzor.spartus.pl\/pl\/formularz-serwisowy\/\" \/>\n<meta property=\"og:locale\" content=\"pl_PL\" \/>\n<meta property=\"og:type\" content=\"article\" \/>\n<meta property=\"og:title\" content=\"Formularz serwisowy - Spartus\" \/>\n<meta property=\"og:url\" content=\"http:\/\/wzor.spartus.pl\/pl\/formularz-serwisowy\/\" \/>\n<meta property=\"og:site_name\" content=\"Spartus\" \/>\n<meta property=\"article:modified_time\" content=\"2025-12-29T07:40:10+00:00\" \/>\n<meta property=\"og:image\" content=\"http:\/\/ater.spartus.pl\/wp-content\/uploads\/2025\/07\/FORMULARZ.png\" \/>\n\t<meta property=\"og:image:width\" content=\"1000\" \/>\n\t<meta property=\"og:image:height\" content=\"1000\" \/>\n\t<meta property=\"og:image:type\" content=\"image\/png\" \/>\n<meta name=\"twitter:card\" content=\"summary_large_image\" \/>\n<meta name=\"twitter:label1\" content=\"Szacowany czas czytania\" \/>\n\t<meta name=\"twitter:data1\" content=\"1 minuta\" \/>\n<script type=\"application\/ld+json\" class=\"yoast-schema-graph\">{\"@context\":\"https:\/\/schema.org\",\"@graph\":[{\"@type\":\"WebPage\",\"@id\":\"http:\/\/wzor.spartus.pl\/pl\/formularz-serwisowy\/\",\"url\":\"http:\/\/wzor.spartus.pl\/pl\/formularz-serwisowy\/\",\"name\":\"Formularz serwisowy - Spartus\",\"isPartOf\":{\"@id\":\"http:\/\/fachstal.spartus.pl\/en\/#website\"},\"primaryImageOfPage\":{\"@id\":\"http:\/\/wzor.spartus.pl\/pl\/formularz-serwisowy\/#primaryimage\"},\"image\":{\"@id\":\"http:\/\/wzor.spartus.pl\/pl\/formularz-serwisowy\/#primaryimage\"},\"thumbnailUrl\":\"http:\/\/wzor.spartus.pl\/wp-content\/uploads\/2025\/07\/FORMULARZ.png\",\"datePublished\":\"2025-01-16T11:23:38+00:00\",\"dateModified\":\"2025-12-29T07:40:10+00:00\",\"breadcrumb\":{\"@id\":\"http:\/\/wzor.spartus.pl\/pl\/formularz-serwisowy\/#breadcrumb\"},\"inLanguage\":\"pl-PL\",\"potentialAction\":[{\"@type\":\"ReadAction\",\"target\":[\"http:\/\/wzor.spartus.pl\/pl\/formularz-serwisowy\/\"]}]},{\"@type\":\"ImageObject\",\"inLanguage\":\"pl-PL\",\"@id\":\"http:\/\/wzor.spartus.pl\/pl\/formularz-serwisowy\/#primaryimage\",\"url\":\"http:\/\/wzor.spartus.pl\/wp-content\/uploads\/2025\/07\/FORMULARZ.png\",\"contentUrl\":\"http:\/\/wzor.spartus.pl\/wp-content\/uploads\/2025\/07\/FORMULARZ.png\",\"width\":1000,\"height\":1000},{\"@type\":\"BreadcrumbList\",\"@id\":\"http:\/\/wzor.spartus.pl\/pl\/formularz-serwisowy\/#breadcrumb\",\"itemListElement\":[{\"@type\":\"ListItem\",\"position\":1,\"name\":\"Strona g\u0142\u00f3wna\",\"item\":\"https:\/\/despol-technik.spartus.pl\/pl\/\"},{\"@type\":\"ListItem\",\"position\":2,\"name\":\"Formularz serwisowy\"}]},{\"@type\":\"WebSite\",\"@id\":\"http:\/\/fachstal.spartus.pl\/en\/#website\",\"url\":\"http:\/\/fachstal.spartus.pl\/en\/\",\"name\":\"Spartus\",\"description\":\"Urz\u0105dzenia i akcesoria spawalnicze\",\"potentialAction\":[{\"@type\":\"SearchAction\",\"target\":{\"@type\":\"EntryPoint\",\"urlTemplate\":\"http:\/\/fachstal.spartus.pl\/en\/?s={search_term_string}\"},\"query-input\":{\"@type\":\"PropertyValueSpecification\",\"valueRequired\":true,\"valueName\":\"search_term_string\"}}],\"inLanguage\":\"pl-PL\"}]}<\/script>\n<!-- \/ Yoast SEO plugin. -->","yoast_head_json":{"title":"Formularz serwisowy - Spartus","robots":{"index":"index","follow":"follow","max-snippet":"max-snippet:-1","max-image-preview":"max-image-preview:large","max-video-preview":"max-video-preview:-1"},"canonical":"http:\/\/wzor.spartus.pl\/pl\/formularz-serwisowy\/","og_locale":"pl_PL","og_type":"article","og_title":"Formularz serwisowy - Spartus","og_url":"http:\/\/wzor.spartus.pl\/pl\/formularz-serwisowy\/","og_site_name":"Spartus","article_modified_time":"2025-12-29T07:40:10+00:00","og_image":[{"width":1000,"height":1000,"url":"http:\/\/ater.spartus.pl\/wp-content\/uploads\/2025\/07\/FORMULARZ.png","type":"image\/png"}],"twitter_card":"summary_large_image","twitter_misc":{"Szacowany czas czytania":"1 minuta"},"schema":{"@context":"https:\/\/schema.org","@graph":[{"@type":"WebPage","@id":"http:\/\/wzor.spartus.pl\/pl\/formularz-serwisowy\/","url":"http:\/\/wzor.spartus.pl\/pl\/formularz-serwisowy\/","name":"Formularz serwisowy - Spartus","isPartOf":{"@id":"http:\/\/fachstal.spartus.pl\/en\/#website"},"primaryImageOfPage":{"@id":"http:\/\/wzor.spartus.pl\/pl\/formularz-serwisowy\/#primaryimage"},"image":{"@id":"http:\/\/wzor.spartus.pl\/pl\/formularz-serwisowy\/#primaryimage"},"thumbnailUrl":"http:\/\/wzor.spartus.pl\/wp-content\/uploads\/2025\/07\/FORMULARZ.png","datePublished":"2025-01-16T11:23:38+00:00","dateModified":"2025-12-29T07:40:10+00:00","breadcrumb":{"@id":"http:\/\/wzor.spartus.pl\/pl\/formularz-serwisowy\/#breadcrumb"},"inLanguage":"pl-PL","potentialAction":[{"@type":"ReadAction","target":["http:\/\/wzor.spartus.pl\/pl\/formularz-serwisowy\/"]}]},{"@type":"ImageObject","inLanguage":"pl-PL","@id":"http:\/\/wzor.spartus.pl\/pl\/formularz-serwisowy\/#primaryimage","url":"http:\/\/wzor.spartus.pl\/wp-content\/uploads\/2025\/07\/FORMULARZ.png","contentUrl":"http:\/\/wzor.spartus.pl\/wp-content\/uploads\/2025\/07\/FORMULARZ.png","width":1000,"height":1000},{"@type":"BreadcrumbList","@id":"http:\/\/wzor.spartus.pl\/pl\/formularz-serwisowy\/#breadcrumb","itemListElement":[{"@type":"ListItem","position":1,"name":"Strona g\u0142\u00f3wna","item":"https:\/\/despol-technik.spartus.pl\/pl\/"},{"@type":"ListItem","position":2,"name":"Formularz serwisowy"}]},{"@type":"WebSite","@id":"http:\/\/fachstal.spartus.pl\/en\/#website","url":"http:\/\/fachstal.spartus.pl\/en\/","name":"Spartus","description":"Urz\u0105dzenia i akcesoria spawalnicze","potentialAction":[{"@type":"SearchAction","target":{"@type":"EntryPoint","urlTemplate":"http:\/\/fachstal.spartus.pl\/en\/?s={search_term_string}"},"query-input":{"@type":"PropertyValueSpecification","valueRequired":true,"valueName":"search_term_string"}}],"inLanguage":"pl-PL"}]}},"_links":{"self":[{"href":"http:\/\/wzor.spartus.pl\/pl\/wp-json\/wp\/v2\/pages\/150","targetHints":{"allow":["GET"]}}],"collection":[{"href":"http:\/\/wzor.spartus.pl\/pl\/wp-json\/wp\/v2\/pages"}],"about":[{"href":"http:\/\/wzor.spartus.pl\/pl\/wp-json\/wp\/v2\/types\/page"}],"author":[{"embeddable":true,"href":"http:\/\/wzor.spartus.pl\/pl\/wp-json\/wp\/v2\/users\/1"}],"replies":[{"embeddable":true,"href":"http:\/\/wzor.spartus.pl\/pl\/wp-json\/wp\/v2\/comments?post=150"}],"version-history":[{"count":3,"href":"http:\/\/wzor.spartus.pl\/pl\/wp-json\/wp\/v2\/pages\/150\/revisions"}],"predecessor-version":[{"id":12549,"href":"http:\/\/wzor.spartus.pl\/pl\/wp-json\/wp\/v2\/pages\/150\/revisions\/12549"}],"wp:featuredmedia":[{"embeddable":true,"href":"http:\/\/wzor.spartus.pl\/pl\/wp-json\/wp\/v2\/media\/6847"}],"wp:attachment":[{"href":"http:\/\/wzor.spartus.pl\/pl\/wp-json\/wp\/v2\/media?parent=150"}],"curies":[{"name":"wp","href":"https:\/\/api.w.org\/{rel}","templated":true}]}}