{"id":4946,"date":"2025-05-22T12:41:52","date_gmt":"2025-05-22T10:41:52","guid":{"rendered":"http:\/\/spartus.noveo7.cfolks.pl\/?page_id=4946"},"modified":"2026-01-13T15:32:27","modified_gmt":"2026-01-13T14:32:27","slug":"wiecej","status":"publish","type":"page","link":"http:\/\/wzor.spartus.pl\/pl\/wiecej\/","title":{"rendered":"Wi\u0119cej"},"content":{"rendered":"\n<section class=\"products-category_section sec_outher\"><div class=\"title_box flex_box\"><div class=\"left\"><h2>Dowiedz si\u0119 <strong>Wi\u0119cej<\/strong><\/h2><\/div><div class=\"right\"><\/div><\/div><div class=\"category_box\"><a href=\"\/kategoria-produktow\/stoly-cnc\/\"><img decoding=\"async\" src=\"http:\/\/spartus.pl\/wp-content\/uploads\/2025\/08\/cnc-p-3000_01.jpg\"\/><p class=\"title\"><span>Sto\u0142y CNC<\/span><\/p><\/a><a href=\"\/kategoria-produktow\/stanowiska-warsztatowe\/\"><img decoding=\"async\" src=\"http:\/\/spartus.pl\/wp-content\/uploads\/2026\/01\/sp16n-12-75-set_01.jpg\"\/><p class=\"title\"><span>Stanowiska warsztatowe<\/span><\/p><\/a><a href=\"http:\/\/spartus.pl\/produkt\/wozki-spawalnicze\/\"><img decoding=\"async\" src=\"http:\/\/spartus.pl\/wp-content\/uploads\/2025\/11\/png-wozki.png\"\/><p class=\"title\"><span>W\u00f3zki spawalnicze<\/span><\/p><\/a><a href=\"\/kategoria-produktow\/druty-spawalnicze\/\"><img decoding=\"async\" src=\"http:\/\/spartus.pl\/wp-content\/uploads\/2025\/11\/m-er70s-6-08-s100_2c.png\"\/><p class=\"title\"><span>Druty, Pr\u0119ty i elektrody spawalnicze<\/span><\/p><\/a><a href=\"\/kategoria-produktow\/ostrzalki-do-elektrod\/\"><img decoding=\"async\" src=\"http:\/\/spartus.pl\/wp-content\/uploads\/2025\/11\/3.png\"\/><p class=\"title\"><span>Ostrza\u0142ki do elektrod<\/span><\/p><\/a><a href=\"\/kategoria-produktow\/obrobka-metalu\/\"><img decoding=\"async\" src=\"http:\/\/spartus.pl\/wp-content\/uploads\/2025\/11\/obrobka-metalu.png\"\/><p class=\"title\"><span>Obr\u00f3bka metalu<\/span><\/p><\/a><a href=\"\/kategoria-produktow\/osprzet-gazowy\/\"><img decoding=\"async\" src=\"http:\/\/spartus.pl\/wp-content\/uploads\/2025\/11\/reduktor.png\"\/><p class=\"title\"><span>Osprz\u0119t gazowy<\/span><\/p><\/a><a href=\"\/kategoria-produktow\/chemia\/\"><img decoding=\"async\" src=\"http:\/\/spartus.pl\/wp-content\/uploads\/2025\/11\/sp130-20-005_2.png\"\/><p class=\"title\"><span>Chemia spawalnicza<\/span><\/p><\/a><a href=\"\/kategoria-produktow\/polmaski-i-maski-pelnotwarzowe\/\"><img decoding=\"async\" src=\"http:\/\/spartus.pl\/wp-content\/uploads\/2025\/11\/maski.png\"\/><p class=\"title\"><span>P\u00f3\u0142maski i maski pe\u0142notwarzowe<\/span><\/p><\/a><a href=\"\/pliki\"><img decoding=\"async\" src=\"http:\/\/spartus.pl\/wp-content\/uploads\/2025\/11\/PLIKI-DO-POBRANIA.png\"\/><p class=\"title\"><span>Pliki<\/span><\/p><\/a><\/div><\/section>\n","protected":false},"excerpt":{"rendered":"","protected":false},"author":1,"featured_media":0,"parent":0,"menu_order":0,"comment_status":"closed","ping_status":"closed","template":"","meta":{"_acf_changed":false,"inline_featured_image":false,"footnotes":""},"class_list":["post-4946","page","type-page","status-publish","hentry"],"acf":[],"yoast_head":"<!-- This site is optimized with the Yoast SEO plugin v26.3 - https:\/\/yoast.com\/wordpress\/plugins\/seo\/ -->\n<title>Wi\u0119cej - Spartus<\/title>\n<meta name=\"robots\" content=\"index, follow, max-snippet:-1, max-image-preview:large, max-video-preview:-1\" \/>\n<link rel=\"canonical\" href=\"http:\/\/wzor.spartus.pl\/pl\/wiecej\/\" \/>\n<meta property=\"og:locale\" content=\"pl_PL\" \/>\n<meta property=\"og:type\" content=\"article\" \/>\n<meta property=\"og:title\" content=\"Wi\u0119cej - Spartus\" \/>\n<meta property=\"og:url\" content=\"http:\/\/wzor.spartus.pl\/pl\/wiecej\/\" \/>\n<meta property=\"og:site_name\" content=\"Spartus\" \/>\n<meta property=\"article:modified_time\" content=\"2026-01-13T14:32:27+00:00\" \/>\n<meta property=\"og:image\" content=\"http:\/\/spartus.pl\/wp-content\/uploads\/2025\/08\/cnc-p-3000_01.jpg\" \/>\n<meta name=\"twitter:card\" content=\"summary_large_image\" \/>\n<meta name=\"twitter:label1\" content=\"Szacowany czas czytania\" \/>\n\t<meta name=\"twitter:data1\" content=\"3 minuty\" \/>\n<script type=\"application\/ld+json\" class=\"yoast-schema-graph\">{\"@context\":\"https:\/\/schema.org\",\"@graph\":[{\"@type\":\"WebPage\",\"@id\":\"http:\/\/wzor.spartus.pl\/pl\/wiecej\/\",\"url\":\"http:\/\/wzor.spartus.pl\/pl\/wiecej\/\",\"name\":\"Wi\u0119cej - Spartus\",\"isPartOf\":{\"@id\":\"http:\/\/fachstal.spartus.pl\/en\/#website\"},\"primaryImageOfPage\":{\"@id\":\"http:\/\/wzor.spartus.pl\/pl\/wiecej\/#primaryimage\"},\"image\":{\"@id\":\"http:\/\/wzor.spartus.pl\/pl\/wiecej\/#primaryimage\"},\"thumbnailUrl\":\"http:\/\/spartus.pl\/wp-content\/uploads\/2025\/08\/cnc-p-3000_01.jpg\",\"datePublished\":\"2025-05-22T10:41:52+00:00\",\"dateModified\":\"2026-01-13T14:32:27+00:00\",\"breadcrumb\":{\"@id\":\"http:\/\/wzor.spartus.pl\/pl\/wiecej\/#breadcrumb\"},\"inLanguage\":\"pl-PL\",\"potentialAction\":[{\"@type\":\"ReadAction\",\"target\":[\"http:\/\/wzor.spartus.pl\/pl\/wiecej\/\"]}]},{\"@type\":\"ImageObject\",\"inLanguage\":\"pl-PL\",\"@id\":\"http:\/\/wzor.spartus.pl\/pl\/wiecej\/#primaryimage\",\"url\":\"http:\/\/spartus.pl\/wp-content\/uploads\/2025\/08\/cnc-p-3000_01.jpg\",\"contentUrl\":\"http:\/\/spartus.pl\/wp-content\/uploads\/2025\/08\/cnc-p-3000_01.jpg\"},{\"@type\":\"BreadcrumbList\",\"@id\":\"http:\/\/wzor.spartus.pl\/pl\/wiecej\/#breadcrumb\",\"itemListElement\":[{\"@type\":\"ListItem\",\"position\":1,\"name\":\"Strona g\u0142\u00f3wna\",\"item\":\"https:\/\/despol-technik.spartus.pl\/pl\/\"},{\"@type\":\"ListItem\",\"position\":2,\"name\":\"Wi\u0119cej\"}]},{\"@type\":\"WebSite\",\"@id\":\"http:\/\/fachstal.spartus.pl\/en\/#website\",\"url\":\"http:\/\/fachstal.spartus.pl\/en\/\",\"name\":\"Spartus\",\"description\":\"Urz\u0105dzenia i akcesoria spawalnicze\",\"potentialAction\":[{\"@type\":\"SearchAction\",\"target\":{\"@type\":\"EntryPoint\",\"urlTemplate\":\"http:\/\/fachstal.spartus.pl\/en\/?s={search_term_string}\"},\"query-input\":{\"@type\":\"PropertyValueSpecification\",\"valueRequired\":true,\"valueName\":\"search_term_string\"}}],\"inLanguage\":\"pl-PL\"}]}<\/script>\n<!-- \/ Yoast SEO plugin. -->","yoast_head_json":{"title":"Wi\u0119cej - Spartus","robots":{"index":"index","follow":"follow","max-snippet":"max-snippet:-1","max-image-preview":"max-image-preview:large","max-video-preview":"max-video-preview:-1"},"canonical":"http:\/\/wzor.spartus.pl\/pl\/wiecej\/","og_locale":"pl_PL","og_type":"article","og_title":"Wi\u0119cej - Spartus","og_url":"http:\/\/wzor.spartus.pl\/pl\/wiecej\/","og_site_name":"Spartus","article_modified_time":"2026-01-13T14:32:27+00:00","og_image":[{"url":"http:\/\/spartus.pl\/wp-content\/uploads\/2025\/08\/cnc-p-3000_01.jpg","type":"","width":"","height":""}],"twitter_card":"summary_large_image","twitter_misc":{"Szacowany czas czytania":"3 minuty"},"schema":{"@context":"https:\/\/schema.org","@graph":[{"@type":"WebPage","@id":"http:\/\/wzor.spartus.pl\/pl\/wiecej\/","url":"http:\/\/wzor.spartus.pl\/pl\/wiecej\/","name":"Wi\u0119cej - Spartus","isPartOf":{"@id":"http:\/\/fachstal.spartus.pl\/en\/#website"},"primaryImageOfPage":{"@id":"http:\/\/wzor.spartus.pl\/pl\/wiecej\/#primaryimage"},"image":{"@id":"http:\/\/wzor.spartus.pl\/pl\/wiecej\/#primaryimage"},"thumbnailUrl":"http:\/\/spartus.pl\/wp-content\/uploads\/2025\/08\/cnc-p-3000_01.jpg","datePublished":"2025-05-22T10:41:52+00:00","dateModified":"2026-01-13T14:32:27+00:00","breadcrumb":{"@id":"http:\/\/wzor.spartus.pl\/pl\/wiecej\/#breadcrumb"},"inLanguage":"pl-PL","potentialAction":[{"@type":"ReadAction","target":["http:\/\/wzor.spartus.pl\/pl\/wiecej\/"]}]},{"@type":"ImageObject","inLanguage":"pl-PL","@id":"http:\/\/wzor.spartus.pl\/pl\/wiecej\/#primaryimage","url":"http:\/\/spartus.pl\/wp-content\/uploads\/2025\/08\/cnc-p-3000_01.jpg","contentUrl":"http:\/\/spartus.pl\/wp-content\/uploads\/2025\/08\/cnc-p-3000_01.jpg"},{"@type":"BreadcrumbList","@id":"http:\/\/wzor.spartus.pl\/pl\/wiecej\/#breadcrumb","itemListElement":[{"@type":"ListItem","position":1,"name":"Strona g\u0142\u00f3wna","item":"https:\/\/despol-technik.spartus.pl\/pl\/"},{"@type":"ListItem","position":2,"name":"Wi\u0119cej"}]},{"@type":"WebSite","@id":"http:\/\/fachstal.spartus.pl\/en\/#website","url":"http:\/\/fachstal.spartus.pl\/en\/","name":"Spartus","description":"Urz\u0105dzenia i akcesoria spawalnicze","potentialAction":[{"@type":"SearchAction","target":{"@type":"EntryPoint","urlTemplate":"http:\/\/fachstal.spartus.pl\/en\/?s={search_term_string}"},"query-input":{"@type":"PropertyValueSpecification","valueRequired":true,"valueName":"search_term_string"}}],"inLanguage":"pl-PL"}]}},"_links":{"self":[{"href":"http:\/\/wzor.spartus.pl\/pl\/wp-json\/wp\/v2\/pages\/4946","targetHints":{"allow":["GET"]}}],"collection":[{"href":"http:\/\/wzor.spartus.pl\/pl\/wp-json\/wp\/v2\/pages"}],"about":[{"href":"http:\/\/wzor.spartus.pl\/pl\/wp-json\/wp\/v2\/types\/page"}],"author":[{"embeddable":true,"href":"http:\/\/wzor.spartus.pl\/pl\/wp-json\/wp\/v2\/users\/1"}],"replies":[{"embeddable":true,"href":"http:\/\/wzor.spartus.pl\/pl\/wp-json\/wp\/v2\/comments?post=4946"}],"version-history":[{"count":19,"href":"http:\/\/wzor.spartus.pl\/pl\/wp-json\/wp\/v2\/pages\/4946\/revisions"}],"predecessor-version":[{"id":12651,"href":"http:\/\/wzor.spartus.pl\/pl\/wp-json\/wp\/v2\/pages\/4946\/revisions\/12651"}],"wp:attachment":[{"href":"http:\/\/wzor.spartus.pl\/pl\/wp-json\/wp\/v2\/media?parent=4946"}],"curies":[{"name":"wp","href":"https:\/\/api.w.org\/{rel}","templated":true}]}}