{"id":6,"date":"2025-01-13T09:15:01","date_gmt":"2025-01-13T08:15:01","guid":{"rendered":"http:\/\/localhost\/spartus\/?page_id=6"},"modified":"2026-03-30T10:42:47","modified_gmt":"2026-03-30T08:42:47","slug":"strona-glowna","status":"publish","type":"page","link":"http:\/\/wzor.spartus.pl\/pl\/","title":{"rendered":"Strona g\u0142\u00f3wna"},"content":{"rendered":"\n<div class=\"wp-block-columns sec_outher is-layout-flex wp-container-core-columns-is-layout-9d6595d7 wp-block-columns-is-layout-flex\">\n<div class=\"wp-block-column is-vertically-aligned-top is-layout-flow wp-block-column-is-layout-flow\"><section class='note_section hidden'><div class='note_box'><div class='left'><img src='http:\/\/spartus.pl\/wp-content\/uploads\/2025\/01\/czas.jpg'><\/div><div class='right'><p class='title'>Technologia, kt\u00f3ra rozwija<\/p><p>Nowoczesne rozwi\u0105zania stworzone z my\u015bl\u0105 o praktycznych potrzebach spawaczy.<\/p><\/div><\/div><\/section><\/div>\n\n\n\n<div class=\"wp-block-column is-layout-flow wp-block-column-is-layout-flow\"><section class='note_section hidden'><div class='note_box'><div class='left'><img src='http:\/\/spartus.pl\/wp-content\/uploads\/2025\/01\/wsparcie.jpg'><\/div><div class='right'><p class='title'>Wsparcie, na kt\u00f3re mo\u017cesz liczy\u0107<\/p><p>SPARTUS zapewnia techniczne wsparcie zawsze wtedy, gdy go potrzebujesz.<\/p><\/div><\/div><\/section><\/div>\n\n\n\n<div class=\"wp-block-column is-layout-flow wp-block-column-is-layout-flow\"><section class='note_section hidden'><div class='note_box'><div class='left'><img src='http:\/\/spartus.pl\/wp-content\/uploads\/2025\/01\/jakosc.jpg'><\/div><div class='right'><p class='title'>Jako\u015b\u0107, kt\u00f3r\u0105 wida\u0107 w ka\u017cdym detalu<\/p><p>Sprz\u0119t zaprojektowany z precyzj\u0105 \u2013 niezawodny ka\u017cdego dnia.<\/p><\/div><\/div><\/section><\/div>\n<\/div>\n\n\n\n<section class=\"products-category_section sec_outher\"><div class=\"title_box flex_box\"><div class=\"left\"><h2>Popularne <strong>kategorie<\/strong><\/h2><\/div><div class=\"right\"><a href=\"\/produkty\" class=\"noveo_btn\">Zobacz wszystkie<\/a><\/div><\/div><div class=\"category_box\"><a href=\"\/pl\/kategoria-produktow\/urzadzenia\/\"><img decoding=\"async\" src=\"http:\/\/spartus.pl\/wp-content\/uploads\/2025\/07\/spawarki-mig-mag.jpg\"\/><p class=\"title\"><span>Spawarki MIG\/MAG<\/span><\/p><\/a><a href=\"\/pl\/kategoria-produktow\/tig-urzadzenia\/\"><img decoding=\"async\" src=\"http:\/\/spartus.pl\/wp-content\/uploads\/2025\/07\/spawarki-tig.jpg\"\/><p class=\"title\"><span>Spawarki TIG<\/span><\/p><\/a><a href=\"\/pl\/kategoria-produktow\/plazma\/\"><img decoding=\"async\" src=\"http:\/\/spartus.pl\/wp-content\/uploads\/2025\/07\/przecinarki-plazmowe.jpg\"\/><p class=\"title\"><span>Przecinarki plazmowe<\/span><\/p><\/a><a href=\"\/pl\/kategoria-produktow\/mma\/\"><img decoding=\"async\" src=\"http:\/\/spartus.pl\/wp-content\/uploads\/2025\/11\/easyARC_216p.jpg\"\/><p class=\"title\"><span>Spawarki elektrodowe<\/span><\/p><\/a><a href=\"\/pl\/uchwyty\/\"><img decoding=\"async\" src=\"http:\/\/spartus.pl\/wp-content\/uploads\/2025\/11\/uchwyty-tig.jpg\"\/><p class=\"title\"><span>Uchwyty spawalnicze TIG<\/span><\/p><\/a><a href=\"\/pl\/kategoria-produktow\/uchwyty-mig\/\"><img decoding=\"async\" src=\"http:\/\/spartus.pl\/wp-content\/uploads\/2025\/11\/promig-240.jpg\"\/><p class=\"title\"><span>Uchwyty spawalnicze MIG<\/span><\/p><\/a><a href=\"\/pl\/kategoria-produktow\/uchwyty-plazmowe\/\"><img decoding=\"async\" src=\"http:\/\/spartus.pl\/wp-content\/uploads\/2025\/07\/uchwyty-plazmowe.jpg\"\/><p class=\"title\"><span>Uchwyty do ci\u0119cia plazm\u0105<\/span><\/p><\/a><a href=\"\/pl\/kategoria-produktow\/druty-spawalnicze\/\"><img decoding=\"async\" src=\"http:\/\/spartus.pl\/wp-content\/uploads\/2025\/07\/druty-i-elektrody.jpg\"\/><p class=\"title\"><span>Druty i elektrody spawalnicze<\/span><\/p><\/a><a href=\"\/pl\/kategoria-produktow\/laser\/\"><img decoding=\"async\" src=\"http:\/\/spartus.pl\/wp-content\/uploads\/2025\/11\/laser-easy2000cl_1b-\u2014-kopia.jpg\"\/><p class=\"title\"><span>Spawarki i oczyszczarki laseorwe<\/span><\/p><\/a><a href=\"\/pl\/produkt\/zabudowa-stanowiska-laserowego\/\"><img decoding=\"async\" src=\"http:\/\/spartus.pl\/wp-content\/uploads\/2025\/07\/sp050-50-33k-01a.jpg\"\/><p class=\"title\"><span>Zabudowa stanowisk laserowych<\/span><\/p><\/a><a href=\"\/pl\/kategoria-produktow\/wycinarki-laserowe\/\"><img decoding=\"async\" src=\"http:\/\/spartus.pl\/wp-content\/uploads\/2025\/07\/laser-apollo700-pak1_1.jpg\"\/><p class=\"title\"><span>Wycinarki laserowe<\/span><\/p><\/a><a href=\"\/pl\/kategoria-produktow\/filtrowentylacja\/\"><img decoding=\"async\" src=\"http:\/\/spartus.pl\/wp-content\/uploads\/2025\/04\/sp034-00-020.jpg\"\/><p class=\"title\"><span>Filtrowentylacja<\/span><\/p><\/a><a href=\"\/pl\/kategoria-produktow\/stoly-spawalnicze\/\"><img decoding=\"async\" src=\"http:\/\/spartus.pl\/wp-content\/uploads\/2025\/04\/00ferros-240-stopy-62b.jpg\"\/><p class=\"title\"><span>Sto\u0142y spawalnicze<\/span><\/p><\/a><a href=\"\/pl\/zestawy-narzedziowe-do-stolow-spawalniczych\/\"><img decoding=\"async\" src=\"http:\/\/spartus.pl\/wp-content\/uploads\/2025\/07\/zestaw-narzedzi-do-stolow-spawalniczych.jpg\"\/><p class=\"title\"><span>Narz\u0119dzia do sto\u0142\u00f3w spawalniczych<\/span><\/p><\/a><a href=\"\/pl\/kategoria-produktow\/pozycjonery-i-obrotniki\/\"><img decoding=\"async\" src=\"http:\/\/spartus.pl\/wp-content\/uploads\/2025\/02\/pozycjonery-i-obrotniki.jpg\"\/><p class=\"title\"><span>Pozycjonery i obrotniki<\/span><\/p><\/a><a href=\"\/pl\/kategoria-produktow\/przylbice-spawalnicze\/\"><img decoding=\"async\" src=\"http:\/\/spartus.pl\/wp-content\/uploads\/2025\/11\/080-10-930xt_001-\u2014-kopia.jpg\"\/><p class=\"title\"><span>Przy\u0142bice spawalnicze<\/span><\/p><\/a><\/div><\/section>\n\n\n\n<h2 class=\"wp-block-heading\">SPARTUS \u2013 kompleksowe rozwi\u0105zania dla przemys\u0142u spawalniczego<\/h2>\n\n\n\n<p class=\"has-text-align-justify has-text-align-justify\">SPARTUS to marka z wieloletnim do\u015bwiadczeniem na rynku urz\u0105dze\u0144 i akcesori\u00f3w spawalniczych. Specjalizujemy si\u0119 w dostarczaniu zaawansowanych technologicznie rozwi\u0105za\u0144, takich jak <strong>spawarki<\/strong> <strong>MIG, TIG, MMA,<\/strong> <strong>przecinarki plazmowe<\/strong> oraz <strong>spawarki laserowe i oczyszczarki<\/strong>, kt\u00f3re odpowiadaj\u0105 na potrzeby nowoczesnej produkcji. Jeste\u015bmy <strong>polskim producentem profesjonalnych uchwyt\u00f3w spawalniczych z serii<\/strong> <strong>SPARTUS PRO FLEX<\/strong>, projektowanych z my\u015bl\u0105 o wydajno\u015bci i niezawodno\u015bci. W ramach obs\u0142ugi przed i posprzeda\u017cowej zapewniamy naszym klientom fachowe <strong>wsparcie techniczne<\/strong> oraz gwarancj\u0119 jako\u015bci na wszystkie nasze produkty.<\/p>\n","protected":false},"excerpt":{"rendered":"<p>SPARTUS \u2013 kompleksowe rozwi\u0105zania dla przemys\u0142u spawalniczego SPARTUS to marka z wieloletnim do\u015bwiadczeniem na rynku&#8230;<\/p>\n","protected":false},"author":1,"featured_media":0,"parent":0,"menu_order":0,"comment_status":"closed","ping_status":"closed","template":"","meta":{"_acf_changed":false,"inline_featured_image":false,"footnotes":""},"class_list":["post-6","page","type-page","status-publish","hentry"],"acf":[],"yoast_head":"<!-- This site is optimized with the Yoast SEO plugin v26.3 - https:\/\/yoast.com\/wordpress\/plugins\/seo\/ -->\n<title>SPARTUS \u2013 Profesjonalne urz\u0105dzenia i akcesoria spawalnicze<\/title>\n<meta name=\"description\" content=\"Oficjalna strona marki SPARTUS. Nowoczesne spawarki, przecinarki plazmowe, lasery, uchwyty spawalnicze, sto\u0142y spawalnicze i akcesoria.\" \/>\n<meta name=\"robots\" content=\"index, follow, max-snippet:-1, max-image-preview:large, max-video-preview:-1\" \/>\n<link rel=\"canonical\" href=\"http:\/\/wzor.spartus.pl\/pl\/\" \/>\n<meta property=\"og:locale\" content=\"pl_PL\" \/>\n<meta property=\"og:type\" content=\"article\" \/>\n<meta property=\"og:title\" content=\"SPARTUS \u2013 Profesjonalne urz\u0105dzenia i akcesoria spawalnicze\" \/>\n<meta property=\"og:description\" content=\"Oficjalna strona marki SPARTUS. Nowoczesne spawarki, przecinarki plazmowe, lasery, uchwyty spawalnicze, sto\u0142y spawalnicze i akcesoria.\" \/>\n<meta property=\"og:url\" content=\"http:\/\/wzor.spartus.pl\/pl\/\" \/>\n<meta property=\"og:site_name\" content=\"Spartus\" \/>\n<meta property=\"article:modified_time\" content=\"2026-03-30T08:42:47+00:00\" \/>\n<meta property=\"og:image\" content=\"http:\/\/spartus.pl\/wp-content\/uploads\/2025\/07\/spawarki-mig-mag.jpg\" \/>\n<meta name=\"twitter:card\" content=\"summary_large_image\" \/>\n<meta name=\"twitter:label1\" content=\"Szacowany czas czytania\" \/>\n\t<meta name=\"twitter:data1\" content=\"4 minuty\" \/>\n<script type=\"application\/ld+json\" class=\"yoast-schema-graph\">{\"@context\":\"https:\/\/schema.org\",\"@graph\":[{\"@type\":\"WebPage\",\"@id\":\"http:\/\/wzor.spartus.pl\/pl\/\",\"url\":\"http:\/\/wzor.spartus.pl\/pl\/\",\"name\":\"SPARTUS \u2013 Profesjonalne urz\u0105dzenia i akcesoria spawalnicze\",\"isPartOf\":{\"@id\":\"http:\/\/fachstal.spartus.pl\/en\/#website\"},\"primaryImageOfPage\":{\"@id\":\"http:\/\/wzor.spartus.pl\/pl\/#primaryimage\"},\"image\":{\"@id\":\"http:\/\/wzor.spartus.pl\/pl\/#primaryimage\"},\"thumbnailUrl\":\"http:\/\/spartus.pl\/wp-content\/uploads\/2025\/07\/spawarki-mig-mag.jpg\",\"datePublished\":\"2025-01-13T08:15:01+00:00\",\"dateModified\":\"2026-03-30T08:42:47+00:00\",\"description\":\"Oficjalna strona marki SPARTUS. Nowoczesne spawarki, przecinarki plazmowe, lasery, uchwyty spawalnicze, sto\u0142y spawalnicze i akcesoria.\",\"breadcrumb\":{\"@id\":\"http:\/\/wzor.spartus.pl\/pl\/#breadcrumb\"},\"inLanguage\":\"pl-PL\",\"potentialAction\":[{\"@type\":\"ReadAction\",\"target\":[\"http:\/\/wzor.spartus.pl\/pl\/\"]}]},{\"@type\":\"ImageObject\",\"inLanguage\":\"pl-PL\",\"@id\":\"http:\/\/wzor.spartus.pl\/pl\/#primaryimage\",\"url\":\"http:\/\/spartus.pl\/wp-content\/uploads\/2025\/07\/spawarki-mig-mag.jpg\",\"contentUrl\":\"http:\/\/spartus.pl\/wp-content\/uploads\/2025\/07\/spawarki-mig-mag.jpg\"},{\"@type\":\"BreadcrumbList\",\"@id\":\"http:\/\/wzor.spartus.pl\/pl\/#breadcrumb\",\"itemListElement\":[{\"@type\":\"ListItem\",\"position\":1,\"name\":\"Strona g\u0142\u00f3wna\",\"item\":\"https:\/\/despol-technik.spartus.pl\/pl\/\"},{\"@type\":\"ListItem\",\"position\":2,\"name\":\"Strona g\u0142\u00f3wna\"}]},{\"@type\":\"WebSite\",\"@id\":\"http:\/\/fachstal.spartus.pl\/en\/#website\",\"url\":\"http:\/\/fachstal.spartus.pl\/en\/\",\"name\":\"Spartus\",\"description\":\"Urz\u0105dzenia i akcesoria spawalnicze\",\"potentialAction\":[{\"@type\":\"SearchAction\",\"target\":{\"@type\":\"EntryPoint\",\"urlTemplate\":\"http:\/\/fachstal.spartus.pl\/en\/?s={search_term_string}\"},\"query-input\":{\"@type\":\"PropertyValueSpecification\",\"valueRequired\":true,\"valueName\":\"search_term_string\"}}],\"inLanguage\":\"pl-PL\"}]}<\/script>\n<!-- \/ Yoast SEO plugin. -->","yoast_head_json":{"title":"SPARTUS \u2013 Profesjonalne urz\u0105dzenia i akcesoria spawalnicze","description":"Oficjalna strona marki SPARTUS. Nowoczesne spawarki, przecinarki plazmowe, lasery, uchwyty spawalnicze, sto\u0142y spawalnicze i akcesoria.","robots":{"index":"index","follow":"follow","max-snippet":"max-snippet:-1","max-image-preview":"max-image-preview:large","max-video-preview":"max-video-preview:-1"},"canonical":"http:\/\/wzor.spartus.pl\/pl\/","og_locale":"pl_PL","og_type":"article","og_title":"SPARTUS \u2013 Profesjonalne urz\u0105dzenia i akcesoria spawalnicze","og_description":"Oficjalna strona marki SPARTUS. Nowoczesne spawarki, przecinarki plazmowe, lasery, uchwyty spawalnicze, sto\u0142y spawalnicze i akcesoria.","og_url":"http:\/\/wzor.spartus.pl\/pl\/","og_site_name":"Spartus","article_modified_time":"2026-03-30T08:42:47+00:00","og_image":[{"url":"http:\/\/spartus.pl\/wp-content\/uploads\/2025\/07\/spawarki-mig-mag.jpg","type":"","width":"","height":""}],"twitter_card":"summary_large_image","twitter_misc":{"Szacowany czas czytania":"4 minuty"},"schema":{"@context":"https:\/\/schema.org","@graph":[{"@type":"WebPage","@id":"http:\/\/wzor.spartus.pl\/pl\/","url":"http:\/\/wzor.spartus.pl\/pl\/","name":"SPARTUS \u2013 Profesjonalne urz\u0105dzenia i akcesoria spawalnicze","isPartOf":{"@id":"http:\/\/fachstal.spartus.pl\/en\/#website"},"primaryImageOfPage":{"@id":"http:\/\/wzor.spartus.pl\/pl\/#primaryimage"},"image":{"@id":"http:\/\/wzor.spartus.pl\/pl\/#primaryimage"},"thumbnailUrl":"http:\/\/spartus.pl\/wp-content\/uploads\/2025\/07\/spawarki-mig-mag.jpg","datePublished":"2025-01-13T08:15:01+00:00","dateModified":"2026-03-30T08:42:47+00:00","description":"Oficjalna strona marki SPARTUS. Nowoczesne spawarki, przecinarki plazmowe, lasery, uchwyty spawalnicze, sto\u0142y spawalnicze i akcesoria.","breadcrumb":{"@id":"http:\/\/wzor.spartus.pl\/pl\/#breadcrumb"},"inLanguage":"pl-PL","potentialAction":[{"@type":"ReadAction","target":["http:\/\/wzor.spartus.pl\/pl\/"]}]},{"@type":"ImageObject","inLanguage":"pl-PL","@id":"http:\/\/wzor.spartus.pl\/pl\/#primaryimage","url":"http:\/\/spartus.pl\/wp-content\/uploads\/2025\/07\/spawarki-mig-mag.jpg","contentUrl":"http:\/\/spartus.pl\/wp-content\/uploads\/2025\/07\/spawarki-mig-mag.jpg"},{"@type":"BreadcrumbList","@id":"http:\/\/wzor.spartus.pl\/pl\/#breadcrumb","itemListElement":[{"@type":"ListItem","position":1,"name":"Strona g\u0142\u00f3wna","item":"https:\/\/despol-technik.spartus.pl\/pl\/"},{"@type":"ListItem","position":2,"name":"Strona g\u0142\u00f3wna"}]},{"@type":"WebSite","@id":"http:\/\/fachstal.spartus.pl\/en\/#website","url":"http:\/\/fachstal.spartus.pl\/en\/","name":"Spartus","description":"Urz\u0105dzenia i akcesoria spawalnicze","potentialAction":[{"@type":"SearchAction","target":{"@type":"EntryPoint","urlTemplate":"http:\/\/fachstal.spartus.pl\/en\/?s={search_term_string}"},"query-input":{"@type":"PropertyValueSpecification","valueRequired":true,"valueName":"search_term_string"}}],"inLanguage":"pl-PL"}]}},"_links":{"self":[{"href":"http:\/\/wzor.spartus.pl\/pl\/wp-json\/wp\/v2\/pages\/6","targetHints":{"allow":["GET"]}}],"collection":[{"href":"http:\/\/wzor.spartus.pl\/pl\/wp-json\/wp\/v2\/pages"}],"about":[{"href":"http:\/\/wzor.spartus.pl\/pl\/wp-json\/wp\/v2\/types\/page"}],"author":[{"embeddable":true,"href":"http:\/\/wzor.spartus.pl\/pl\/wp-json\/wp\/v2\/users\/1"}],"replies":[{"embeddable":true,"href":"http:\/\/wzor.spartus.pl\/pl\/wp-json\/wp\/v2\/comments?post=6"}],"version-history":[{"count":139,"href":"http:\/\/wzor.spartus.pl\/pl\/wp-json\/wp\/v2\/pages\/6\/revisions"}],"predecessor-version":[{"id":13295,"href":"http:\/\/wzor.spartus.pl\/pl\/wp-json\/wp\/v2\/pages\/6\/revisions\/13295"}],"wp:attachment":[{"href":"http:\/\/wzor.spartus.pl\/pl\/wp-json\/wp\/v2\/media?parent=6"}],"curies":[{"name":"wp","href":"https:\/\/api.w.org\/{rel}","templated":true}]}}